{"id":10401,"date":"2026-02-01T23:11:09","date_gmt":"2026-02-01T22:11:09","guid":{"rendered":"https:\/\/www.familie-schrade-stiftung.de\/wordpress\/?page_id=10401"},"modified":"2026-02-02T16:32:27","modified_gmt":"2026-02-02T15:32:27","slug":"spenden","status":"publish","type":"page","link":"https:\/\/www.familie-schrade-stiftung.de\/?page_id=10401","title":{"rendered":"Spenden"},"content":{"rendered":"\t\t<div data-elementor-type=\"wp-page\" data-elementor-id=\"10401\" class=\"elementor elementor-10401\">\n\t\t\t\t<div class=\"elementor-element elementor-element-4c46353 e-flex e-con-boxed e-con e-parent\" data-id=\"4c46353\" data-element_type=\"container\" data-e-type=\"container\">\n\t\t\t\t\t<div class=\"e-con-inner\">\n\t\t<div class=\"elementor-element elementor-element-0a5f028 e-con-full e-flex e-con e-child\" data-id=\"0a5f028\" data-element_type=\"container\" data-e-type=\"container\">\n\t\t\t\t<div class=\"elementor-element elementor-element-8d68269 elementor-widget elementor-widget-slider_revolution\" data-id=\"8d68269\" data-element_type=\"widget\" data-e-type=\"widget\" data-widget_type=\"slider_revolution.default\">\n\t\t\t\t\t\n\t\t<div class=\"wp-block-themepunch-revslider\">\n\t\t\t\t<p class=\"rs-p-wp-fix\"><\/p>\n\t\t\t\t<sr7-module data-alias=\"thrills_slider\" data-id=\"1\" id=\"SR7_1_1\" class=\"rs-ov-hidden\" data-version=\"6.7.34\">\n\t\t\t\t\t<sr7-adjuster><\/sr7-adjuster>\n\t\t\t\t\t<sr7-content>\n\t\t\t\t\t\t<sr7-slide id=\"SR7_1_1-1\" data-key=\"1\">\n\t\t\t\t\t\t\t<sr7-bg id=\"SR7_1_1-1-1\" class=\"sr7-layer\"><noscript><img decoding=\"async\" src=\"https:\/\/www.familie-schrade-stiftung.de\/wp-content\/uploads\/2026\/01\/2.jpg\" alt=\"\" title=\"2\"><\/noscript><\/sr7-bg>\n\t\t\t\t\t\t<\/sr7-slide>\n\t\t\t\t\t\t<sr7-slide id=\"SR7_1_1-2\" data-key=\"2\">\n\t\t\t\t\t\t\t<sr7-bg id=\"SR7_1_1-2-1\" class=\"sr7-layer\"><noscript><img decoding=\"async\" src=\"https:\/\/www.familie-schrade-stiftung.de\/wp-content\/uploads\/2026\/01\/1.jpg\" alt=\"\" title=\"1\"><\/noscript><\/sr7-bg>\n\t\t\t\t\t\t<\/sr7-slide>\n\t\t\t\t\t\t<sr7-slide id=\"SR7_1_1-4\" data-key=\"4\">\n\t\t\t\t\t\t\t<sr7-bg id=\"SR7_1_1-4-1\" class=\"sr7-layer\"><noscript><img decoding=\"async\" src=\"https:\/\/www.familie-schrade-stiftung.de\/wp-content\/uploads\/2026\/01\/3.jpg\" alt=\"\" title=\"3\"><\/noscript><\/sr7-bg>\n\t\t\t\t\t\t<\/sr7-slide>\n\t\t\t\t\t\t<sr7-slide id=\"SR7_1_1-5\" data-key=\"5\">\n\t\t\t\t\t\t\t<sr7-bg id=\"SR7_1_1-5-1\" class=\"sr7-layer\"><noscript><img decoding=\"async\" src=\"https:\/\/www.familie-schrade-stiftung.de\/wp-content\/uploads\/2026\/01\/4.jpg\" alt=\"\" title=\"4\"><\/noscript><\/sr7-bg>\n\t\t\t\t\t\t<\/sr7-slide>\n\t\t\t\t\t\t<sr7-slide id=\"SR7_1_1-6\" data-key=\"6\">\n\t\t\t\t\t\t\t<sr7-bg id=\"SR7_1_1-6-1\" class=\"sr7-layer\"><noscript><img decoding=\"async\" src=\"https:\/\/www.familie-schrade-stiftung.de\/wp-content\/uploads\/2026\/02\/schloss.jpg\" alt=\"\" title=\"schloss\"><\/noscript><\/sr7-bg>\n\t\t\t\t\t\t<\/sr7-slide>\n\t\t\t\t\t\t<sr7-slide id=\"SR7_1_1-3\" data-key=\"3\">\n\t\t\t\t\t\t<\/sr7-slide>\n\t\t\t\t\t<\/sr7-content>\n\t\t\t\t\t<image_lists style=\"display:none\">\n\t\t\t\t\t\t<img data-src=\"\/\/www.familie-schrade-stiftung.de\/wp-content\/uploads\/2026\/01\/2.jpg\" data-libid=\"10223\" data-lib=\"medialibrary\" title=\"2\" width=\"0\" height=\"0\" data-dbsrc=\"Ly93d3cuZmFtaWxpZS1zY2hyYWRlLXN0aWZ0dW5nLmRlL3dwLWNvbnRlbnQvdXBsb2Fkcy8yMDI2LzAxLzIuanBn\"\/>\n\t\t\t\t\t\t<img data-src=\"\/\/www.familie-schrade-stiftung.de\/wp-content\/uploads\/2026\/01\/1.jpg\" data-libid=\"10224\" data-lib=\"medialibrary\" title=\"1\" width=\"0\" height=\"0\" data-dbsrc=\"Ly93d3cuZmFtaWxpZS1zY2hyYWRlLXN0aWZ0dW5nLmRlL3dwLWNvbnRlbnQvdXBsb2Fkcy8yMDI2LzAxLzEuanBn\"\/>\n\t\t\t\t\t\t<img data-src=\"\/\/www.familie-schrade-stiftung.de\/wp-content\/uploads\/2026\/01\/3.jpg\" data-libid=\"10222\" data-lib=\"medialibrary\" title=\"3\" width=\"0\" height=\"0\" data-dbsrc=\"Ly93d3cuZmFtaWxpZS1zY2hyYWRlLXN0aWZ0dW5nLmRlL3dwLWNvbnRlbnQvdXBsb2Fkcy8yMDI2LzAxLzMuanBn\"\/>\n\t\t\t\t\t\t<img loading=\"lazy\" data-src=\"\/\/www.familie-schrade-stiftung.de\/wp-content\/uploads\/2026\/01\/4.jpg\" data-libid=\"10221\" data-lib=\"medialibrary\" title=\"4\" width=\"0\" height=\"0\" data-dbsrc=\"Ly93d3cuZmFtaWxpZS1zY2hyYWRlLXN0aWZ0dW5nLmRlL3dwLWNvbnRlbnQvdXBsb2Fkcy8yMDI2LzAxLzQuanBn\"\/>\n\t\t\t\t\t\t<img loading=\"lazy\" data-src=\"\/\/www.familie-schrade-stiftung.de\/wp-content\/uploads\/2026\/02\/schloss.jpg\" data-libid=\"10542\" data-lib=\"medialibrary\" title=\"schloss\" width=\"0\" height=\"0\" data-dbsrc=\"Ly93d3cuZmFtaWxpZS1zY2hyYWRlLXN0aWZ0dW5nLmRlL3dwLWNvbnRlbnQvdXBsb2Fkcy8yMDI2LzAyL3NjaGxvc3MuanBn\"\/>\n\t\t\t\t\t\t<img loading=\"lazy\" data-src=\"\/\/www.familie-schrade-stiftung.de\/wordpress\/wp-content\/uploads\/2026\/01\/2.jpg\" data-libid=\"10223\" data-lib=\"medialibrary\" title=\"2\" width=\"0\" height=\"0\" data-dbsrc=\"Ly93d3cuZmFtaWxpZS1zY2hyYWRlLXN0aWZ0dW5nLmRlL3dvcmRwcmVzcy93cC1jb250ZW50L3VwbG9hZHMvMjAyNi8wMS8yLmpwZw==\"\/>\n\t\t\t\t\t<\/image_lists>\n\t\t\t\t<\/sr7-module>\n\t\t\t\t<script>\n\t\t\t\t\tSR7.PMH ??={}; SR7.PMH[\"SR7_1_1\"] = {cn:100,state:false,fn: function() { if (_tpt!==undefined && _tpt.prepareModuleHeight !== undefined) {  _tpt.prepareModuleHeight({id:\"SR7_1_1\",el:[923,923,500,450,400],type:'standard',shdw:'0',gh:[923,923,500,450,400],gw:[1903,1903,1024,778,480],vpt:['-100px&#039;,&#039;-100px&#039;,&#039;-100px&#039;,&#039;-100px&#039;,&#039;-100px'],size:{fullWidth:true, fullHeight:false},mh:'0',onh:0,onw:0,bg:{color:'{\"type\":\"solid\",\"orig\":\"#1b3e41\",\"string\":\"rgba(27, 62, 65, 1)\"}'}});   SR7.PMH[\"SR7_1_1\"].state=true;} else if(SR7.PMH[\"SR7_1_1\"].cn-->0)\tsetTimeout( SR7.PMH[\"SR7_1_1\"].fn,19);}};SR7.PMH[\"SR7_1_1\" ].fn();\n\t\t\t\t<\/script>\n<\/div>\n\n\t\t\t\t\t\t<\/div>\n\t\t\t\t<\/div>\n\t\t\t\t\t<\/div>\n\t\t\t\t<\/div>\n\t\t<div class=\"elementor-element elementor-element-3cb9517 cms-banner-main e-flex e-con-boxed e-con e-parent\" data-id=\"3cb9517\" data-element_type=\"container\" data-e-type=\"container\">\n\t\t\t\t\t<div class=\"e-con-inner\">\n\t\t<div class=\"elementor-element elementor-element-6449b36 e-con-full e-flex e-con e-child\" data-id=\"6449b36\" data-element_type=\"container\" data-e-type=\"container\">\n\t\t\t\t<\/div>\n\t\t\t\t\t<\/div>\n\t\t\t\t<\/div>\n\t\t<div class=\"elementor-element elementor-element-53f1e4d cms-banner-main e-con-full e-flex e-con e-parent\" data-id=\"53f1e4d\" data-element_type=\"container\" data-e-type=\"container\">\n\t\t<div class=\"elementor-element elementor-element-d10bc9a e-con-full e-flex e-con e-child\" data-id=\"d10bc9a\" data-element_type=\"container\" data-e-type=\"container\">\n\t\t\t\t<div class=\"elementor-element elementor-element-93607de elementor-widget__width-initial elementor-widget elementor-widget-text-editor\" data-id=\"93607de\" data-element_type=\"widget\" data-e-type=\"widget\" data-widget_type=\"text-editor.default\">\n\t\t\t\t\t\t\t\t\t<h2>Spenden<\/h2>\n<p>Sie k\u00f6nnen durch eine finanzielle Hilfe unsere aktuellen Spendenprojekte oder auch mit einer allgemeinen Spende an die Familie Schrade Stiftung unterst\u00fctzen. Die setzen wir dort ein, wo wir den dringendsten Bedarf sehen. Ihre Unterst\u00fctzung kommt zu 100 Prozent dort an, wo Menschen Hilfe ben\u00f6tigen.<br><span style=\"background-color: transparent; letter-spacing: 0.3px;\"><br>Ihre Spenden sind steuerlich abzugsf\u00e4hig. Bei Spenden bis 300 Euro verwenden Sie bitte diesen Spendennachweis. Dieser gilt zusammen mit dem \u00dcberweisungsbeleg als Zuwendungsnachweis f\u00fcr das Finanzamt. Ab einer Spendensumme \u00fcber 300 Euro schicken wir Ihnen unaufgefordert eine Zuwendungsbest\u00e4tigung zu. Bitte geben Sie bei \u00dcberweisungen Ihren Namen und Ihre Anschrift an, damit wir Ihnen die Zuwendungsbest\u00e4tigung zuschicken k\u00f6nnen.<br><\/span><span style=\"background-color: transparent; letter-spacing: 0.3px;\"><br>Unser Spendenkonto:<br><\/span><span style=\"background-color: transparent; letter-spacing: 0.3px;\"><br>Familie Schrade Stiftung<br><\/span><span style=\"background-color: transparent; letter-spacing: 0.3px;\"><br>IBAN DE61 700 205 005 020 251<br><\/span><span style=\"background-color: transparent; letter-spacing: 0.3px;\">BIC BFSWDE33MUE<\/span><\/p>\n<p>Bank f\u00fcr Sozialwirtschaft<\/p>\t\t\t\t\t\t\t\t<\/div>\n\t\t\t\t<\/div>\n\t\t\t\t<\/div>\n\t\t\t\t<\/div>\n\t\t","protected":false},"excerpt":{"rendered":"<p>Spenden Sie k\u00f6nnen durch eine finanzielle Hilfe unsere aktuellen Spendenprojekte oder auch mit einer allgemeinen Spende an die Familie Schrade Stiftung unterst\u00fctzen. Die setzen wir dort ein, wo wir den dringendsten Bedarf sehen. Ihre Unterst\u00fctzung kommt zu 100 Prozent dort an, wo Menschen Hilfe ben\u00f6tigen. Ihre Spenden sind steuerlich abzugsf\u00e4hig. Bei Spenden bis 300 Euro&#8230;<\/p>\n","protected":false},"author":1,"featured_media":0,"parent":0,"menu_order":0,"comment_status":"closed","ping_status":"closed","template":"elementor_theme","meta":{"_tbt_post_transparent":"","_tbt_post_title":"hide","_tbt_post_layout":"normal","_tbt_post_sidebar_id":"","_tbt_post_content_style":"unboxed","_tbt_post_vertical_padding":"hide","_tbt_post_feature":"default","_tbt_post_feature_position":"","_tbt_post_header":false,"_tbt_post_footer":false},"class_list":["post-10401","page","type-page","status-publish","hentry"],"aioseo_notices":[],"_links":{"self":[{"href":"https:\/\/www.familie-schrade-stiftung.de\/index.php?rest_route=\/wp\/v2\/pages\/10401","targetHints":{"allow":["GET"]}}],"collection":[{"href":"https:\/\/www.familie-schrade-stiftung.de\/index.php?rest_route=\/wp\/v2\/pages"}],"about":[{"href":"https:\/\/www.familie-schrade-stiftung.de\/index.php?rest_route=\/wp\/v2\/types\/page"}],"author":[{"embeddable":true,"href":"https:\/\/www.familie-schrade-stiftung.de\/index.php?rest_route=\/wp\/v2\/users\/1"}],"replies":[{"embeddable":true,"href":"https:\/\/www.familie-schrade-stiftung.de\/index.php?rest_route=%2Fwp%2Fv2%2Fcomments&post=10401"}],"version-history":[{"count":13,"href":"https:\/\/www.familie-schrade-stiftung.de\/index.php?rest_route=\/wp\/v2\/pages\/10401\/revisions"}],"predecessor-version":[{"id":10658,"href":"https:\/\/www.familie-schrade-stiftung.de\/index.php?rest_route=\/wp\/v2\/pages\/10401\/revisions\/10658"}],"wp:attachment":[{"href":"https:\/\/www.familie-schrade-stiftung.de\/index.php?rest_route=%2Fwp%2Fv2%2Fmedia&parent=10401"}],"curies":[{"name":"wp","href":"https:\/\/api.w.org\/{rel}","templated":true}]}}