{"id":10414,"date":"2026-02-01T23:25:14","date_gmt":"2026-02-01T22:25:14","guid":{"rendered":"https:\/\/www.familie-schrade-stiftung.de\/wordpress\/?page_id=10414"},"modified":"2026-02-01T23:52:49","modified_gmt":"2026-02-01T22:52:49","slug":"familie","status":"publish","type":"page","link":"https:\/\/www.familie-schrade-stiftung.de\/?page_id=10414","title":{"rendered":"Stiftungszweck"},"content":{"rendered":"\t\t<div data-elementor-type=\"wp-page\" data-elementor-id=\"10414\" class=\"elementor elementor-10414\">\n\t\t\t\t<div class=\"elementor-element elementor-element-4c46353 e-flex e-con-boxed e-con e-parent\" data-id=\"4c46353\" data-element_type=\"container\" data-e-type=\"container\">\n\t\t\t\t\t<div class=\"e-con-inner\">\n\t\t<div class=\"elementor-element elementor-element-0a5f028 e-con-full e-flex e-con e-child\" data-id=\"0a5f028\" data-element_type=\"container\" data-e-type=\"container\">\n\t\t\t\t<div class=\"elementor-element elementor-element-8d68269 elementor-widget elementor-widget-slider_revolution\" data-id=\"8d68269\" data-element_type=\"widget\" data-e-type=\"widget\" data-widget_type=\"slider_revolution.default\">\n\t\t\t\t\t\n\t\t<div class=\"wp-block-themepunch-revslider\">\n\t\t\t\t<p class=\"rs-p-wp-fix\"><\/p>\n\t\t\t\t<sr7-module data-alias=\"thrills_slider\" data-id=\"1\" id=\"SR7_1_1\" class=\"rs-ov-hidden\" data-version=\"6.7.34\">\n\t\t\t\t\t<sr7-adjuster><\/sr7-adjuster>\n\t\t\t\t\t<sr7-content>\n\t\t\t\t\t\t<sr7-slide id=\"SR7_1_1-1\" data-key=\"1\">\n\t\t\t\t\t\t\t<sr7-bg id=\"SR7_1_1-1-1\" class=\"sr7-layer\"><noscript><img decoding=\"async\" src=\"https:\/\/www.familie-schrade-stiftung.de\/wp-content\/uploads\/2026\/01\/2.jpg\" alt=\"\" title=\"2\"><\/noscript><\/sr7-bg>\n\t\t\t\t\t\t<\/sr7-slide>\n\t\t\t\t\t\t<sr7-slide id=\"SR7_1_1-2\" data-key=\"2\">\n\t\t\t\t\t\t\t<sr7-bg id=\"SR7_1_1-2-1\" class=\"sr7-layer\"><noscript><img decoding=\"async\" src=\"https:\/\/www.familie-schrade-stiftung.de\/wp-content\/uploads\/2026\/01\/1.jpg\" alt=\"\" title=\"1\"><\/noscript><\/sr7-bg>\n\t\t\t\t\t\t<\/sr7-slide>\n\t\t\t\t\t\t<sr7-slide id=\"SR7_1_1-4\" data-key=\"4\">\n\t\t\t\t\t\t\t<sr7-bg id=\"SR7_1_1-4-1\" class=\"sr7-layer\"><noscript><img decoding=\"async\" src=\"https:\/\/www.familie-schrade-stiftung.de\/wp-content\/uploads\/2026\/01\/3.jpg\" alt=\"\" title=\"3\"><\/noscript><\/sr7-bg>\n\t\t\t\t\t\t<\/sr7-slide>\n\t\t\t\t\t\t<sr7-slide id=\"SR7_1_1-5\" data-key=\"5\">\n\t\t\t\t\t\t\t<sr7-bg id=\"SR7_1_1-5-1\" class=\"sr7-layer\"><noscript><img decoding=\"async\" src=\"https:\/\/www.familie-schrade-stiftung.de\/wp-content\/uploads\/2026\/01\/4.jpg\" alt=\"\" title=\"4\"><\/noscript><\/sr7-bg>\n\t\t\t\t\t\t<\/sr7-slide>\n\t\t\t\t\t\t<sr7-slide id=\"SR7_1_1-6\" data-key=\"6\">\n\t\t\t\t\t\t\t<sr7-bg id=\"SR7_1_1-6-1\" class=\"sr7-layer\"><noscript><img decoding=\"async\" src=\"https:\/\/www.familie-schrade-stiftung.de\/wp-content\/uploads\/2026\/02\/schloss.jpg\" alt=\"\" title=\"schloss\"><\/noscript><\/sr7-bg>\n\t\t\t\t\t\t<\/sr7-slide>\n\t\t\t\t\t\t<sr7-slide id=\"SR7_1_1-3\" data-key=\"3\">\n\t\t\t\t\t\t<\/sr7-slide>\n\t\t\t\t\t<\/sr7-content>\n\t\t\t\t\t<image_lists style=\"display:none\">\n\t\t\t\t\t\t<img data-src=\"\/\/www.familie-schrade-stiftung.de\/wp-content\/uploads\/2026\/01\/2.jpg\" data-libid=\"10223\" data-lib=\"medialibrary\" title=\"2\" width=\"0\" height=\"0\" data-dbsrc=\"Ly93d3cuZmFtaWxpZS1zY2hyYWRlLXN0aWZ0dW5nLmRlL3dwLWNvbnRlbnQvdXBsb2Fkcy8yMDI2LzAxLzIuanBn\"\/>\n\t\t\t\t\t\t<img data-src=\"\/\/www.familie-schrade-stiftung.de\/wp-content\/uploads\/2026\/01\/1.jpg\" data-libid=\"10224\" data-lib=\"medialibrary\" title=\"1\" width=\"0\" height=\"0\" data-dbsrc=\"Ly93d3cuZmFtaWxpZS1zY2hyYWRlLXN0aWZ0dW5nLmRlL3dwLWNvbnRlbnQvdXBsb2Fkcy8yMDI2LzAxLzEuanBn\"\/>\n\t\t\t\t\t\t<img data-src=\"\/\/www.familie-schrade-stiftung.de\/wp-content\/uploads\/2026\/01\/3.jpg\" data-libid=\"10222\" data-lib=\"medialibrary\" title=\"3\" width=\"0\" height=\"0\" data-dbsrc=\"Ly93d3cuZmFtaWxpZS1zY2hyYWRlLXN0aWZ0dW5nLmRlL3dwLWNvbnRlbnQvdXBsb2Fkcy8yMDI2LzAxLzMuanBn\"\/>\n\t\t\t\t\t\t<img loading=\"lazy\" data-src=\"\/\/www.familie-schrade-stiftung.de\/wp-content\/uploads\/2026\/01\/4.jpg\" data-libid=\"10221\" data-lib=\"medialibrary\" title=\"4\" width=\"0\" height=\"0\" data-dbsrc=\"Ly93d3cuZmFtaWxpZS1zY2hyYWRlLXN0aWZ0dW5nLmRlL3dwLWNvbnRlbnQvdXBsb2Fkcy8yMDI2LzAxLzQuanBn\"\/>\n\t\t\t\t\t\t<img loading=\"lazy\" data-src=\"\/\/www.familie-schrade-stiftung.de\/wp-content\/uploads\/2026\/02\/schloss.jpg\" data-libid=\"10542\" data-lib=\"medialibrary\" title=\"schloss\" width=\"0\" height=\"0\" data-dbsrc=\"Ly93d3cuZmFtaWxpZS1zY2hyYWRlLXN0aWZ0dW5nLmRlL3dwLWNvbnRlbnQvdXBsb2Fkcy8yMDI2LzAyL3NjaGxvc3MuanBn\"\/>\n\t\t\t\t\t\t<img loading=\"lazy\" data-src=\"\/\/www.familie-schrade-stiftung.de\/wordpress\/wp-content\/uploads\/2026\/01\/2.jpg\" data-libid=\"10223\" data-lib=\"medialibrary\" title=\"2\" width=\"0\" height=\"0\" data-dbsrc=\"Ly93d3cuZmFtaWxpZS1zY2hyYWRlLXN0aWZ0dW5nLmRlL3dvcmRwcmVzcy93cC1jb250ZW50L3VwbG9hZHMvMjAyNi8wMS8yLmpwZw==\"\/>\n\t\t\t\t\t<\/image_lists>\n\t\t\t\t<\/sr7-module>\n\t\t\t\t<script>\n\t\t\t\t\tSR7.PMH ??={}; SR7.PMH[\"SR7_1_1\"] = {cn:100,state:false,fn: function() { if (_tpt!==undefined && _tpt.prepareModuleHeight !== undefined) {  _tpt.prepareModuleHeight({id:\"SR7_1_1\",el:[923,923,500,450,400],type:'standard',shdw:'0',gh:[923,923,500,450,400],gw:[1903,1903,1024,778,480],vpt:['-100px&#039;,&#039;-100px&#039;,&#039;-100px&#039;,&#039;-100px&#039;,&#039;-100px'],size:{fullWidth:true, fullHeight:false},mh:'0',onh:0,onw:0,bg:{color:'{\"type\":\"solid\",\"orig\":\"#1b3e41\",\"string\":\"rgba(27, 62, 65, 1)\"}'}});   SR7.PMH[\"SR7_1_1\"].state=true;} else if(SR7.PMH[\"SR7_1_1\"].cn-->0)\tsetTimeout( SR7.PMH[\"SR7_1_1\"].fn,19);}};SR7.PMH[\"SR7_1_1\" ].fn();\n\t\t\t\t<\/script>\n<\/div>\n\n\t\t\t\t\t\t<\/div>\n\t\t\t\t<\/div>\n\t\t\t\t\t<\/div>\n\t\t\t\t<\/div>\n\t\t<div class=\"elementor-element elementor-element-3cb9517 cms-banner-main e-flex e-con-boxed e-con e-parent\" data-id=\"3cb9517\" data-element_type=\"container\" data-e-type=\"container\">\n\t\t\t\t\t<div class=\"e-con-inner\">\n\t\t<div class=\"elementor-element elementor-element-6449b36 e-con-full e-flex e-con e-child\" data-id=\"6449b36\" data-element_type=\"container\" data-e-type=\"container\">\n\t\t\t\t<\/div>\n\t\t\t\t\t<\/div>\n\t\t\t\t<\/div>\n\t\t<div class=\"elementor-element elementor-element-53f1e4d cms-banner-main e-con-full e-flex e-con e-parent\" data-id=\"53f1e4d\" data-element_type=\"container\" data-e-type=\"container\">\n\t\t<div class=\"elementor-element elementor-element-d10bc9a e-con-full e-flex e-con e-child\" data-id=\"d10bc9a\" data-element_type=\"container\" data-e-type=\"container\">\n\t\t\t\t<div class=\"elementor-element elementor-element-93607de elementor-widget__width-initial elementor-widget elementor-widget-text-editor\" data-id=\"93607de\" data-element_type=\"widget\" data-e-type=\"widget\" data-widget_type=\"text-editor.default\">\n\t\t\t\t\t\t\t\t\t<div class=\"page-header\">\n<h2>Stiftungszweck<\/h2>\n<\/div>\n<div>\n<p>Stiftungszweck der Familie Schrade Stiftung<\/p>\n<p>Zweck der Stiftung ist die finanzielle F\u00f6rderung der Zwecke Wissenschaft und Forschung, Kunst und Kultur, des Wohlfahrtswesen, der Behindertenhilfe, des Tierschutzes, Sports sowie mildt\u00e4tiger Zwecke einer anderen K\u00f6rperschaft oder die finanzielle Unterst\u00fctzung der zuvor genannten Zwecke durch eine juristische Person des \u00f6ffentlichen Rechts, wobei die finanzielle F\u00f6rderung einer unbeschr\u00e4nkt steuerpflichtigen K\u00f6rperschaft des privaten Rechts voraussetzt, dass diese selbst steuerbeg\u00fcnstigt ist.<\/p>\n<p>Die Stiftung verfolgt damit ausschlie\u00dflich und unmittelbar gemeinn\u00fctzige und mildt\u00e4tige Zwecke im Sinne des Abschnitts \u201eSteuerbeg\u00fcnstigte Zwecke\u201c der Abgabenordnung (AO) und ist selbstlos t\u00e4tig.<\/p>\n<p>Der mildt\u00e4tige Stiftungszweck wird solange und soweit m\u00f6glich im Alb-Donau-Kreis und in Oberschwaben verwirklicht durch<\/p>\n<ol>\n<li>die finanzielle F\u00f6rderung von Hilfsprojekten f\u00fcr bed\u00fcrftige Menschen, die aufgrund ihres k\u00f6rperlichen, geistigen oder seelischen Zustands oder ihrer finanziellen Situation auf die Hilfe anderer angewiesen sind (z.B. Kinderheime, Hospize, Tafeln).<\/li>\n<li>die direkte finanzielle Unterst\u00fctzung der unter 1. genannten Personen.<\/li>\n<\/ol>\n<p>Der gemeinn\u00fctzige Stiftungszweck wird solange und soweit m\u00f6glich im Alb-Donau-Kreis und in Oberschwaben verwirklicht, insbesondere durch die F\u00f6rderung von<\/p>\n<ol>\n<li>Ma\u00dfnahmen und Programmen zur Krebsforschung,<\/li>\n<li>Ma\u00dfnahmen und Projekten im k\u00fcnstlerischen, vor allem im musikalischen Bereich,<\/li>\n<li>Einrichtungen und Programmen des DRK, insbesondere des Kreisverband Ulm e.V.,<\/li>\n<li>Projekten im Bereich der Behindertenarbeit,<\/li>\n<li>Einrichtungen wie beispielsweise Tierheime, Gnadenh\u00f6fe, sowie Programme zur F\u00f6rderung des Tierschutzes und zur Verhinderung von Tierqu\u00e4lerei,<\/li>\n<li>Sportvereine<\/li>\n<\/ol>\n<p>Die Stiftung entscheidet nach ihren sachlichen und finanziellen M\u00f6glichkeiten frei dar\u00fcber, wie und in welchem Umfang die vorgenannten Ma\u00dfnahmen verwirklicht werden.<\/p>\n<p>Die Stiftung erf\u00fcllt die vorbezeichneten Zwecke durch die Beschaffung von Mitteln gem\u00e4\u00df \u00a7 58 Nr. 1 AO.<\/p>\n<p>Zuwendungen an steuerbeg\u00fcnstigte K\u00f6rperschaften und\/oder juristische Personen des \u00f6ffentlichen Rechts, die andere gemeinn\u00fctzige Zwecke verfolgen als in Abs. 1 sind zul\u00e4ssig, d\u00fcrfen jedoch nicht \u00fcberwiegen.<\/p>\n<\/div>\t\t\t\t\t\t\t\t<\/div>\n\t\t\t\t<\/div>\n\t\t\t\t<\/div>\n\t\t\t\t<\/div>\n\t\t","protected":false},"excerpt":{"rendered":"<p>Stiftungszweck Stiftungszweck der Familie Schrade Stiftung Zweck der Stiftung ist die finanzielle F\u00f6rderung der Zwecke Wissenschaft und Forschung, Kunst und Kultur, des Wohlfahrtswesen, der Behindertenhilfe, des Tierschutzes, Sports sowie mildt\u00e4tiger Zwecke einer anderen K\u00f6rperschaft oder die finanzielle Unterst\u00fctzung der zuvor genannten Zwecke durch eine juristische Person des \u00f6ffentlichen Rechts, wobei die finanzielle F\u00f6rderung einer unbeschr\u00e4nkt&#8230;<\/p>\n","protected":false},"author":1,"featured_media":0,"parent":0,"menu_order":0,"comment_status":"closed","ping_status":"closed","template":"elementor_theme","meta":{"_tbt_post_transparent":"","_tbt_post_title":"hide","_tbt_post_layout":"normal","_tbt_post_sidebar_id":"","_tbt_post_content_style":"unboxed","_tbt_post_vertical_padding":"hide","_tbt_post_feature":"default","_tbt_post_feature_position":"","_tbt_post_header":false,"_tbt_post_footer":false},"class_list":["post-10414","page","type-page","status-publish","hentry"],"aioseo_notices":[],"_links":{"self":[{"href":"https:\/\/www.familie-schrade-stiftung.de\/index.php?rest_route=\/wp\/v2\/pages\/10414","targetHints":{"allow":["GET"]}}],"collection":[{"href":"https:\/\/www.familie-schrade-stiftung.de\/index.php?rest_route=\/wp\/v2\/pages"}],"about":[{"href":"https:\/\/www.familie-schrade-stiftung.de\/index.php?rest_route=\/wp\/v2\/types\/page"}],"author":[{"embeddable":true,"href":"https:\/\/www.familie-schrade-stiftung.de\/index.php?rest_route=\/wp\/v2\/users\/1"}],"replies":[{"embeddable":true,"href":"https:\/\/www.familie-schrade-stiftung.de\/index.php?rest_route=%2Fwp%2Fv2%2Fcomments&post=10414"}],"version-history":[{"count":10,"href":"https:\/\/www.familie-schrade-stiftung.de\/index.php?rest_route=\/wp\/v2\/pages\/10414\/revisions"}],"predecessor-version":[{"id":10469,"href":"https:\/\/www.familie-schrade-stiftung.de\/index.php?rest_route=\/wp\/v2\/pages\/10414\/revisions\/10469"}],"wp:attachment":[{"href":"https:\/\/www.familie-schrade-stiftung.de\/index.php?rest_route=%2Fwp%2Fv2%2Fmedia&parent=10414"}],"curies":[{"name":"wp","href":"https:\/\/api.w.org\/{rel}","templated":true}]}}