{"id":10461,"date":"2026-02-01T23:43:23","date_gmt":"2026-02-01T22:43:23","guid":{"rendered":"https:\/\/www.familie-schrade-stiftung.de\/wordpress\/?page_id=10461"},"modified":"2026-02-01T23:44:08","modified_gmt":"2026-02-01T22:44:08","slug":"impressum","status":"publish","type":"page","link":"https:\/\/www.familie-schrade-stiftung.de\/?page_id=10461","title":{"rendered":"Impressum"},"content":{"rendered":"\t\t<div data-elementor-type=\"wp-page\" data-elementor-id=\"10461\" class=\"elementor elementor-10461\">\n\t\t\t\t<div class=\"elementor-element elementor-element-4c46353 e-flex e-con-boxed e-con e-parent\" data-id=\"4c46353\" data-element_type=\"container\" data-e-type=\"container\">\n\t\t\t\t\t<div class=\"e-con-inner\">\n\t\t<div class=\"elementor-element elementor-element-0a5f028 e-con-full e-flex e-con e-child\" data-id=\"0a5f028\" data-element_type=\"container\" data-e-type=\"container\">\n\t\t\t\t<div class=\"elementor-element elementor-element-8d68269 elementor-widget elementor-widget-slider_revolution\" data-id=\"8d68269\" data-element_type=\"widget\" data-e-type=\"widget\" data-widget_type=\"slider_revolution.default\">\n\t\t\t\t\t\n\t\t<div class=\"wp-block-themepunch-revslider\">\n\t\t\t\t<p class=\"rs-p-wp-fix\"><\/p>\n\t\t\t\t<sr7-module data-alias=\"thrills_slider\" data-id=\"1\" id=\"SR7_1_1\" class=\"rs-ov-hidden\" data-version=\"6.7.34\">\n\t\t\t\t\t<sr7-adjuster><\/sr7-adjuster>\n\t\t\t\t\t<sr7-content>\n\t\t\t\t\t\t<sr7-slide id=\"SR7_1_1-1\" data-key=\"1\">\n\t\t\t\t\t\t\t<sr7-bg id=\"SR7_1_1-1-1\" class=\"sr7-layer\"><noscript><img decoding=\"async\" src=\"https:\/\/www.familie-schrade-stiftung.de\/wp-content\/uploads\/2026\/01\/2.jpg\" alt=\"\" title=\"2\"><\/noscript><\/sr7-bg>\n\t\t\t\t\t\t<\/sr7-slide>\n\t\t\t\t\t\t<sr7-slide id=\"SR7_1_1-2\" data-key=\"2\">\n\t\t\t\t\t\t\t<sr7-bg id=\"SR7_1_1-2-1\" class=\"sr7-layer\"><noscript><img decoding=\"async\" src=\"https:\/\/www.familie-schrade-stiftung.de\/wp-content\/uploads\/2026\/01\/1.jpg\" alt=\"\" title=\"1\"><\/noscript><\/sr7-bg>\n\t\t\t\t\t\t<\/sr7-slide>\n\t\t\t\t\t\t<sr7-slide id=\"SR7_1_1-4\" data-key=\"4\">\n\t\t\t\t\t\t\t<sr7-bg id=\"SR7_1_1-4-1\" class=\"sr7-layer\"><noscript><img decoding=\"async\" src=\"https:\/\/www.familie-schrade-stiftung.de\/wp-content\/uploads\/2026\/01\/3.jpg\" alt=\"\" title=\"3\"><\/noscript><\/sr7-bg>\n\t\t\t\t\t\t<\/sr7-slide>\n\t\t\t\t\t\t<sr7-slide id=\"SR7_1_1-5\" data-key=\"5\">\n\t\t\t\t\t\t\t<sr7-bg id=\"SR7_1_1-5-1\" class=\"sr7-layer\"><noscript><img decoding=\"async\" src=\"https:\/\/www.familie-schrade-stiftung.de\/wp-content\/uploads\/2026\/01\/4.jpg\" alt=\"\" title=\"4\"><\/noscript><\/sr7-bg>\n\t\t\t\t\t\t<\/sr7-slide>\n\t\t\t\t\t\t<sr7-slide id=\"SR7_1_1-6\" data-key=\"6\">\n\t\t\t\t\t\t\t<sr7-bg id=\"SR7_1_1-6-1\" class=\"sr7-layer\"><noscript><img decoding=\"async\" src=\"https:\/\/www.familie-schrade-stiftung.de\/wp-content\/uploads\/2026\/02\/schloss.jpg\" alt=\"\" title=\"schloss\"><\/noscript><\/sr7-bg>\n\t\t\t\t\t\t<\/sr7-slide>\n\t\t\t\t\t\t<sr7-slide id=\"SR7_1_1-3\" data-key=\"3\">\n\t\t\t\t\t\t<\/sr7-slide>\n\t\t\t\t\t<\/sr7-content>\n\t\t\t\t\t<image_lists style=\"display:none\">\n\t\t\t\t\t\t<img data-src=\"\/\/www.familie-schrade-stiftung.de\/wp-content\/uploads\/2026\/01\/2.jpg\" data-libid=\"10223\" data-lib=\"medialibrary\" title=\"2\" width=\"0\" height=\"0\" data-dbsrc=\"Ly93d3cuZmFtaWxpZS1zY2hyYWRlLXN0aWZ0dW5nLmRlL3dwLWNvbnRlbnQvdXBsb2Fkcy8yMDI2LzAxLzIuanBn\"\/>\n\t\t\t\t\t\t<img data-src=\"\/\/www.familie-schrade-stiftung.de\/wp-content\/uploads\/2026\/01\/1.jpg\" data-libid=\"10224\" data-lib=\"medialibrary\" title=\"1\" width=\"0\" height=\"0\" data-dbsrc=\"Ly93d3cuZmFtaWxpZS1zY2hyYWRlLXN0aWZ0dW5nLmRlL3dwLWNvbnRlbnQvdXBsb2Fkcy8yMDI2LzAxLzEuanBn\"\/>\n\t\t\t\t\t\t<img data-src=\"\/\/www.familie-schrade-stiftung.de\/wp-content\/uploads\/2026\/01\/3.jpg\" data-libid=\"10222\" data-lib=\"medialibrary\" title=\"3\" width=\"0\" height=\"0\" data-dbsrc=\"Ly93d3cuZmFtaWxpZS1zY2hyYWRlLXN0aWZ0dW5nLmRlL3dwLWNvbnRlbnQvdXBsb2Fkcy8yMDI2LzAxLzMuanBn\"\/>\n\t\t\t\t\t\t<img loading=\"lazy\" data-src=\"\/\/www.familie-schrade-stiftung.de\/wp-content\/uploads\/2026\/01\/4.jpg\" data-libid=\"10221\" data-lib=\"medialibrary\" title=\"4\" width=\"0\" height=\"0\" data-dbsrc=\"Ly93d3cuZmFtaWxpZS1zY2hyYWRlLXN0aWZ0dW5nLmRlL3dwLWNvbnRlbnQvdXBsb2Fkcy8yMDI2LzAxLzQuanBn\"\/>\n\t\t\t\t\t\t<img loading=\"lazy\" data-src=\"\/\/www.familie-schrade-stiftung.de\/wp-content\/uploads\/2026\/02\/schloss.jpg\" data-libid=\"10542\" data-lib=\"medialibrary\" title=\"schloss\" width=\"0\" height=\"0\" data-dbsrc=\"Ly93d3cuZmFtaWxpZS1zY2hyYWRlLXN0aWZ0dW5nLmRlL3dwLWNvbnRlbnQvdXBsb2Fkcy8yMDI2LzAyL3NjaGxvc3MuanBn\"\/>\n\t\t\t\t\t\t<img loading=\"lazy\" data-src=\"\/\/www.familie-schrade-stiftung.de\/wordpress\/wp-content\/uploads\/2026\/01\/2.jpg\" data-libid=\"10223\" data-lib=\"medialibrary\" title=\"2\" width=\"0\" height=\"0\" data-dbsrc=\"Ly93d3cuZmFtaWxpZS1zY2hyYWRlLXN0aWZ0dW5nLmRlL3dvcmRwcmVzcy93cC1jb250ZW50L3VwbG9hZHMvMjAyNi8wMS8yLmpwZw==\"\/>\n\t\t\t\t\t<\/image_lists>\n\t\t\t\t<\/sr7-module>\n\t\t\t\t<script>\n\t\t\t\t\tSR7.PMH ??={}; SR7.PMH[\"SR7_1_1\"] = {cn:100,state:false,fn: function() { if (_tpt!==undefined && _tpt.prepareModuleHeight !== undefined) {  _tpt.prepareModuleHeight({id:\"SR7_1_1\",el:[923,923,500,450,400],type:'standard',shdw:'0',gh:[923,923,500,450,400],gw:[1903,1903,1024,778,480],vpt:['-100px&#039;,&#039;-100px&#039;,&#039;-100px&#039;,&#039;-100px&#039;,&#039;-100px'],size:{fullWidth:true, fullHeight:false},mh:'0',onh:0,onw:0,bg:{color:'{\"type\":\"solid\",\"orig\":\"#1b3e41\",\"string\":\"rgba(27, 62, 65, 1)\"}'}});   SR7.PMH[\"SR7_1_1\"].state=true;} else if(SR7.PMH[\"SR7_1_1\"].cn-->0)\tsetTimeout( SR7.PMH[\"SR7_1_1\"].fn,19);}};SR7.PMH[\"SR7_1_1\" ].fn();\n\t\t\t\t<\/script>\n<\/div>\n\n\t\t\t\t\t\t<\/div>\n\t\t\t\t<\/div>\n\t\t\t\t\t<\/div>\n\t\t\t\t<\/div>\n\t\t<div class=\"elementor-element elementor-element-3cb9517 cms-banner-main e-flex e-con-boxed e-con e-parent\" data-id=\"3cb9517\" data-element_type=\"container\" data-e-type=\"container\">\n\t\t\t\t\t<div class=\"e-con-inner\">\n\t\t<div class=\"elementor-element elementor-element-6449b36 e-con-full e-flex e-con e-child\" data-id=\"6449b36\" data-element_type=\"container\" data-e-type=\"container\">\n\t\t\t\t<\/div>\n\t\t\t\t\t<\/div>\n\t\t\t\t<\/div>\n\t\t<div class=\"elementor-element elementor-element-53f1e4d cms-banner-main e-con-full e-flex e-con e-parent\" data-id=\"53f1e4d\" data-element_type=\"container\" data-e-type=\"container\">\n\t\t<div class=\"elementor-element elementor-element-d10bc9a e-con-full e-flex e-con e-child\" data-id=\"d10bc9a\" data-element_type=\"container\" data-e-type=\"container\">\n\t\t\t\t<div class=\"elementor-element elementor-element-93607de elementor-widget__width-initial elementor-widget elementor-widget-text-editor\" data-id=\"93607de\" data-element_type=\"widget\" data-e-type=\"widget\" data-widget_type=\"text-editor.default\">\n\t\t\t\t\t\t\t\t\t<div class=\"page-header\">\n<div class=\"page-header\">\n<div class=\"page-header\">\n<h2>Impressum<span style=\"color: rgb(122, 122, 122); font-family: Roboto, sans-serif; font-weight: 400; background-color: transparent; font-size: 15px; letter-spacing: 0.3px;\">&nbsp;<\/span><\/h2><\/div>\n<dl class=\"article-info muted\"><\/dl>\n<div>\n<p><strong>Kontakt:<\/strong><\/p>\n<p>Vorstandssprecherin<br><span style=\"background-color: transparent; letter-spacing: 0.3px;\"><br>Heidi Schrade<br><\/span><span style=\"background-color: transparent; letter-spacing: 0.3px;\">Lindenstra\u00dfe 57\/0<br><\/span><span style=\"background-color: transparent; letter-spacing: 0.3px;\">D-89584 Ehingen<br><\/span><span style=\"background-color: transparent; letter-spacing: 0.3px;\">E-Mail:&nbsp;<\/span><strong style=\"background-color: transparent; letter-spacing: 0.3px;\"><u><span id=\"cloakec19e0dbfd935a828903500bdf54ff67\"><\/span><a href=\"mailto:info@familie-schrade-stiftung.de\">info@familie-schrade-stiftung.de<\/a><\/u><\/strong><\/p>\n<p>Verantwortlich f\u00fcr Inhalte:<br>Heidi Schrade<\/p>\n<p>Aufsichtsbeh\u00f6rde:<br>Finanzamt M\u00fcnchen<\/p>\n<p>Steuernummer:<br>143\/235\/25561 beim Finanzamt M\u00fcnchen f\u00fcr K\u00f6rperschaften.<\/p>\n<p>Angaben gem\u00e4\u00df \u00a7 5 TMG:<\/p>\n<p>Familie Schrade Stiftung<\/p>\n<p>Vertreten durch:<br>Treuh\u00e4nder: Stifter f\u00fcr Stifter<br>Landshuter Allee 11<br>80637 M\u00fcnchen<\/p>\n<p>Tel: 089 \/ 744 200 210<br>Fax: 089 \/ 744 200 300<br><strong><u><span id=\"cloaked561b6e37ad93dd1a6071e3f6ea0a24\"><\/span><a href=\"mailto:info@stiftungszentrum.de\">info@stiftungszentrum.de<\/a><\/u><\/strong><\/p>\n<p>Rechtsform des Treuh\u00e4nders: Rechtsf\u00e4hige \u00f6ffentliche Stiftung des b\u00fcrgerlichen Rechts.<\/p>\n<p>Verwaltungsadresse der Treuhandstiftung:<br>c\/o Haus des Stiftens<br>Landshuter Allee 11<br>80637 M\u00fcnchen<\/p>\n<p>Anerkennung der Treuhandstiftung:<br>Die Familie Schrade Stiftung ist beim Finanzamt M\u00fcnchen f\u00fcr K\u00f6rperschaften unter der Steuernummer 143\/235\/25561 als gemeinn\u00fctzig und mildt\u00e4tig anerkannt.<\/p><p><strong>Bildnachweis<br><\/strong><br>Die Bilder, die hier auf dieser Website Verwendung finden stammen von:<\/p>\n<ul>\n<li>pixabay.com<\/li>\n<li>Fundatia Joyo<\/li>\n<li>DRK Ehingen<\/li>\n<li>bzw. wurden von uns selbst fotografiert oder erstellt<\/li>\n<\/ul>\n<p>\u201eWir akzeptieren keine&nbsp;<strong><em>Abmahnung<\/em><\/strong>&nbsp;ohne vorherigen Kontakt und Absprache! Wir sind bei einer eventuellen Verletzung bereit, diese sofort zu \u00e4ndern oder zu l\u00f6schen.\u201c<\/p>\n<\/div>\n<\/div>\n<\/div>\t\t\t\t\t\t\t\t<\/div>\n\t\t\t\t<\/div>\n\t\t\t\t<\/div>\n\t\t\t\t<\/div>\n\t\t","protected":false},"excerpt":{"rendered":"<p>Impressum&nbsp; Kontakt: Vorstandssprecherin Heidi SchradeLindenstra\u00dfe 57\/0D-89584 EhingenE-Mail:&nbsp;info@familie-schrade-stiftung.de Verantwortlich f\u00fcr Inhalte:Heidi Schrade Aufsichtsbeh\u00f6rde:Finanzamt M\u00fcnchen Steuernummer:143\/235\/25561 beim Finanzamt M\u00fcnchen f\u00fcr K\u00f6rperschaften. Angaben gem\u00e4\u00df \u00a7 5 TMG: Familie Schrade Stiftung Vertreten durch:Treuh\u00e4nder: Stifter f\u00fcr StifterLandshuter Allee 1180637 M\u00fcnchen Tel: 089 \/ 744 200 210Fax: 089 \/ 744 200 300info@stiftungszentrum.de Rechtsform des Treuh\u00e4nders: Rechtsf\u00e4hige \u00f6ffentliche Stiftung des b\u00fcrgerlichen Rechts&#8230;.<\/p>\n","protected":false},"author":1,"featured_media":0,"parent":0,"menu_order":0,"comment_status":"closed","ping_status":"closed","template":"elementor_theme","meta":{"_tbt_post_transparent":"","_tbt_post_title":"hide","_tbt_post_layout":"normal","_tbt_post_sidebar_id":"","_tbt_post_content_style":"unboxed","_tbt_post_vertical_padding":"hide","_tbt_post_feature":"default","_tbt_post_feature_position":"","_tbt_post_header":false,"_tbt_post_footer":false},"class_list":["post-10461","page","type-page","status-publish","hentry"],"aioseo_notices":[],"_links":{"self":[{"href":"https:\/\/www.familie-schrade-stiftung.de\/index.php?rest_route=\/wp\/v2\/pages\/10461","targetHints":{"allow":["GET"]}}],"collection":[{"href":"https:\/\/www.familie-schrade-stiftung.de\/index.php?rest_route=\/wp\/v2\/pages"}],"about":[{"href":"https:\/\/www.familie-schrade-stiftung.de\/index.php?rest_route=\/wp\/v2\/types\/page"}],"author":[{"embeddable":true,"href":"https:\/\/www.familie-schrade-stiftung.de\/index.php?rest_route=\/wp\/v2\/users\/1"}],"replies":[{"embeddable":true,"href":"https:\/\/www.familie-schrade-stiftung.de\/index.php?rest_route=%2Fwp%2Fv2%2Fcomments&post=10461"}],"version-history":[{"count":4,"href":"https:\/\/www.familie-schrade-stiftung.de\/index.php?rest_route=\/wp\/v2\/pages\/10461\/revisions"}],"predecessor-version":[{"id":10465,"href":"https:\/\/www.familie-schrade-stiftung.de\/index.php?rest_route=\/wp\/v2\/pages\/10461\/revisions\/10465"}],"wp:attachment":[{"href":"https:\/\/www.familie-schrade-stiftung.de\/index.php?rest_route=%2Fwp%2Fv2%2Fmedia&parent=10461"}],"curies":[{"name":"wp","href":"https:\/\/api.w.org\/{rel}","templated":true}]}}